{"id":88,"date":"2022-08-31T16:33:34","date_gmt":"2022-08-31T16:33:34","guid":{"rendered":"https:\/\/cali.fotodearte.com.br\/?page_id=88"},"modified":"2025-08-19T20:45:12","modified_gmt":"2025-08-19T20:45:12","slug":"deteccao-de-bordas","status":"publish","type":"page","link":"https:\/\/ilab.eba.ufmg.br\/?page_id=88","title":{"rendered":"Detec\u00e7\u00e3o de Bordas"},"content":{"rendered":"\n<h2 class=\"wp-block-heading\">Apostila de Detec\u00e7\u00e3o de Bordas<\/h2>\n\n\n\n<p><strong>Autores: <\/strong>Igor Giovanelle Rezende Petrucci, Matheus de Sousa Cardoso, Alexandre Cruz Le\u00e3o<\/p>\n\n\n\n<p><strong>Resumo:<\/strong> A t\u00e9cnica de Detec\u00e7\u00e3o de Borda, envolve um processamento imag\u00e9tico, em <em>softwares<\/em> de tratamento e manipula\u00e7\u00e3o de imagens, que tem como fun\u00e7\u00e3o determinar pontos de uma imagem digital em que a intensidade luminosa muda abruptamente. No caso do campo de Conserva\u00e7\u00e3o e Restaura\u00e7\u00e3o de Bens Culturais M\u00f3veis, a implementa\u00e7\u00e3o de tal t\u00e9cnica como ferramenta, complementa a Documenta\u00e7\u00e3o Cientifica por Imagem com a finalidade de processar imagens diagn\u00f3sticas. De modo que auxilia o profissional de conserva\u00e7\u00e3o\/restaura\u00e7\u00e3o no estudo do objeto, por meio de visualiza\u00e7\u00e3o e an\u00e1lise das linhas construtivas da imagem.<\/p>\n\n\n\n<div class=\"wp-block-columns is-layout-flex wp-container-core-columns-is-layout-9d6595d7 wp-block-columns-is-layout-flex\">\n<div class=\"wp-block-column is-layout-flow wp-block-column-is-layout-flow\" style=\"flex-basis:100%\">\n<p><strong>Download:<\/strong> <a href=\"https:\/\/ilab.eba.ufmg.br\/wp-content\/uploads\/2022\/12\/Apostila-Edge-Detecting-Matriz-002-17ago2017-Igor-e-Alexandre.pdf\" target=\"_blank\" rel=\"noreferrer noopener\">Aqui<\/a><\/p>\n<\/div>\n<\/div>\n\n\n\n<p>&nbsp;<\/p>\n","protected":false},"excerpt":{"rendered":"<p>Apostila de Detec\u00e7\u00e3o de Bordas Autores: Igor Giovanelle Rezende Petrucci, Matheus de Sousa Cardoso, Alexandre Cruz Le\u00e3o Resumo: A t\u00e9cnica de Detec\u00e7\u00e3o de Borda, envolve um processamento imag\u00e9tico, em softwares de tratamento e manipula\u00e7\u00e3o de imagens, que tem como fun\u00e7\u00e3o determinar pontos de uma imagem digital em que a intensidade luminosa muda abruptamente. No caso [&hellip;]<\/p>\n","protected":false},"author":1,"featured_media":0,"parent":52,"menu_order":0,"comment_status":"closed","ping_status":"closed","template":"","meta":{"footnotes":""},"class_list":["post-88","page","type-page","status-publish","hentry"],"_links":{"self":[{"href":"https:\/\/ilab.eba.ufmg.br\/index.php?rest_route=\/wp\/v2\/pages\/88","targetHints":{"allow":["GET"]}}],"collection":[{"href":"https:\/\/ilab.eba.ufmg.br\/index.php?rest_route=\/wp\/v2\/pages"}],"about":[{"href":"https:\/\/ilab.eba.ufmg.br\/index.php?rest_route=\/wp\/v2\/types\/page"}],"author":[{"embeddable":true,"href":"https:\/\/ilab.eba.ufmg.br\/index.php?rest_route=\/wp\/v2\/users\/1"}],"replies":[{"embeddable":true,"href":"https:\/\/ilab.eba.ufmg.br\/index.php?rest_route=%2Fwp%2Fv2%2Fcomments&post=88"}],"version-history":[{"count":13,"href":"https:\/\/ilab.eba.ufmg.br\/index.php?rest_route=\/wp\/v2\/pages\/88\/revisions"}],"predecessor-version":[{"id":1520,"href":"https:\/\/ilab.eba.ufmg.br\/index.php?rest_route=\/wp\/v2\/pages\/88\/revisions\/1520"}],"up":[{"embeddable":true,"href":"https:\/\/ilab.eba.ufmg.br\/index.php?rest_route=\/wp\/v2\/pages\/52"}],"wp:attachment":[{"href":"https:\/\/ilab.eba.ufmg.br\/index.php?rest_route=%2Fwp%2Fv2%2Fmedia&parent=88"}],"curies":[{"name":"wp","href":"https:\/\/api.w.org\/{rel}","templated":true}]}}