{"id":378,"date":"2022-09-21T17:19:13","date_gmt":"2022-09-21T17:19:13","guid":{"rendered":"https:\/\/cali.fotodearte.com.br\/?page_id=378"},"modified":"2024-08-23T14:15:30","modified_gmt":"2024-08-23T14:15:30","slug":"contato","status":"publish","type":"page","link":"https:\/\/ilab.eba.ufmg.br\/?page_id=378","title":{"rendered":"Contato"},"content":{"rendered":"\n<p>Primeiro andar do Cecor &#8211; Centro de Conserva\u00e7\u00e3o e Restaura\u00e7\u00e3o de Bens Culturais<\/p>\n\n\n\n<p>Escola de Belas Artes &#8211; UFMG<\/p>\n\n\n\n<p><a href=\"https:\/\/www.google.com.br\/maps\/place\/Escola+de+Belas+Artes\/@-19.8632529,-43.9618255,17z\/data=!3m1!4b1!4m5!3m4!1s0xa690641eb011a5:0x298bae318978e99e!8m2!3d-19.863258!4d-43.9596368\">Localiza\u00e7\u00e3o:<\/a><\/p>\n\n\n\n<style>\/*! elementor - v3.7.8 - 02-10-2022 *\/<br \/>\n.elementor-widget-google_maps .elementor-widget-container{overflow:hidden}.elementor-widget-google_maps iframe{height:300px}<\/style>\n\n\n\n<p><iframe title=\"Universidade Federal de Minas Gerais - Av. Pres. Ant\u00f4nio Carlos, 6627 - Pampulha, Belo Horizonte - MG, 31270-901\" src=\"https:\/\/www.google.com\/maps\/embed?pb=!1m14!1m12!1m3!1d2653.381766077146!2d-43.95964166177328!3d-19.863275802409937!2m3!1f0!2f0!3f0!3m2!1i1024!2i768!4f13.1!5e0!3m2!1spt-BR!2sbr!4v1724422260596!5m2!1spt-BR!2sbr\" width=\"400\" height=\"300\" style=\"border:0;\" allowfullscreen=\"\" loading=\"lazy\" referrerpolicy=\"no-referrer-when-downgrade\"><\/iframe><\/p>\n\n\n\n<p><b>Endere\u00e7o:<\/b> Av. Ant\u00f4nio Carlos, 6627 &#8211; Campus Pampulha &#8211; Belo Horizonte &#8211; MG<\/p>\n\n\n\n<p><b>CEP: <\/b>31 270 901<\/p>\n\n\n\n<p><b>Telefone: <\/b>+55 (31) 3409-5386<\/p>\n\n\n\n<p><b>Email: <\/b>ilab.ufmg@gmail.com<\/p>\n\n\n\n<p>&nbsp;<\/p>\n\n\n\n<p>Agenda dos colaboradores: <a href=\"https:\/\/ilab.eba.ufmg.br\/?page_id=1295\">clique aqui<\/a><\/p>\n\n\n\n<p><\/p>\n","protected":false},"excerpt":{"rendered":"<p>Primeiro andar do Cecor &#8211; Centro de Conserva\u00e7\u00e3o e Restaura\u00e7\u00e3o de Bens Culturais Escola de Belas Artes &#8211; UFMG Localiza\u00e7\u00e3o: Endere\u00e7o: Av. Ant\u00f4nio Carlos, 6627 &#8211; Campus Pampulha &#8211; Belo Horizonte &#8211; MG CEP: 31 270 901 Telefone: +55 (31) 3409-5386 Email: ilab.ufmg@gmail.com &nbsp; Agenda dos colaboradores: clique aqui<\/p>\n","protected":false},"author":1,"featured_media":0,"parent":0,"menu_order":0,"comment_status":"closed","ping_status":"closed","template":"","meta":{"footnotes":""},"class_list":["post-378","page","type-page","status-publish","hentry"],"_links":{"self":[{"href":"https:\/\/ilab.eba.ufmg.br\/index.php?rest_route=\/wp\/v2\/pages\/378","targetHints":{"allow":["GET"]}}],"collection":[{"href":"https:\/\/ilab.eba.ufmg.br\/index.php?rest_route=\/wp\/v2\/pages"}],"about":[{"href":"https:\/\/ilab.eba.ufmg.br\/index.php?rest_route=\/wp\/v2\/types\/page"}],"author":[{"embeddable":true,"href":"https:\/\/ilab.eba.ufmg.br\/index.php?rest_route=\/wp\/v2\/users\/1"}],"replies":[{"embeddable":true,"href":"https:\/\/ilab.eba.ufmg.br\/index.php?rest_route=%2Fwp%2Fv2%2Fcomments&post=378"}],"version-history":[{"count":31,"href":"https:\/\/ilab.eba.ufmg.br\/index.php?rest_route=\/wp\/v2\/pages\/378\/revisions"}],"predecessor-version":[{"id":1384,"href":"https:\/\/ilab.eba.ufmg.br\/index.php?rest_route=\/wp\/v2\/pages\/378\/revisions\/1384"}],"wp:attachment":[{"href":"https:\/\/ilab.eba.ufmg.br\/index.php?rest_route=%2Fwp%2Fv2%2Fmedia&parent=378"}],"curies":[{"name":"wp","href":"https:\/\/api.w.org\/{rel}","templated":true}]}}