{"id":1573,"date":"2025-10-22T21:14:26","date_gmt":"2025-10-22T21:14:26","guid":{"rendered":"https:\/\/ilab.eba.ufmg.br\/?page_id=1573"},"modified":"2025-10-22T21:17:16","modified_gmt":"2025-10-22T21:17:16","slug":"colorimetria-geral","status":"publish","type":"page","link":"https:\/\/ilab.eba.ufmg.br\/?page_id=1573","title":{"rendered":"Colorimetria Geral"},"content":{"rendered":"\n<p>Perfil de cores de monitores &#8211; <a href=\"https:\/\/ilab.eba.ufmg.br\/wp-content\/uploads\/2025\/10\/ProfileChooser.zip\">ProfileChooser<\/a> &#8211; Datacolor &#8211; Serve para escolher o perfil de cores do monitor.<\/p>\n\n\n\n<p>Clicar no link (acima) e baixe o arquivo em formato ZIP. Extrair o arquivo e colocar na \u00e1rea de trabalho. \u00c9 um arquivo execut\u00e1vel que n\u00e3o precisa de instala\u00e7\u00e3o.<\/p>\n\n\n\n<p><\/p>\n\n\n\n<p><\/p>\n","protected":false},"excerpt":{"rendered":"<p>Perfil de cores de monitores &#8211; ProfileChooser &#8211; Datacolor &#8211; Serve para escolher o perfil de cores do monitor. Clicar no link (acima) e baixe o arquivo em formato ZIP. Extrair o arquivo e colocar na \u00e1rea de trabalho. \u00c9 um arquivo execut\u00e1vel que n\u00e3o precisa de instala\u00e7\u00e3o.<\/p>\n","protected":false},"author":1,"featured_media":0,"parent":0,"menu_order":0,"comment_status":"closed","ping_status":"closed","template":"","meta":{"footnotes":""},"class_list":["post-1573","page","type-page","status-publish","hentry"],"_links":{"self":[{"href":"https:\/\/ilab.eba.ufmg.br\/index.php?rest_route=\/wp\/v2\/pages\/1573","targetHints":{"allow":["GET"]}}],"collection":[{"href":"https:\/\/ilab.eba.ufmg.br\/index.php?rest_route=\/wp\/v2\/pages"}],"about":[{"href":"https:\/\/ilab.eba.ufmg.br\/index.php?rest_route=\/wp\/v2\/types\/page"}],"author":[{"embeddable":true,"href":"https:\/\/ilab.eba.ufmg.br\/index.php?rest_route=\/wp\/v2\/users\/1"}],"replies":[{"embeddable":true,"href":"https:\/\/ilab.eba.ufmg.br\/index.php?rest_route=%2Fwp%2Fv2%2Fcomments&post=1573"}],"version-history":[{"count":4,"href":"https:\/\/ilab.eba.ufmg.br\/index.php?rest_route=\/wp\/v2\/pages\/1573\/revisions"}],"predecessor-version":[{"id":1578,"href":"https:\/\/ilab.eba.ufmg.br\/index.php?rest_route=\/wp\/v2\/pages\/1573\/revisions\/1578"}],"wp:attachment":[{"href":"https:\/\/ilab.eba.ufmg.br\/index.php?rest_route=%2Fwp%2Fv2%2Fmedia&parent=1573"}],"curies":[{"name":"wp","href":"https:\/\/api.w.org\/{rel}","templated":true}]}}