{"id":1367,"date":"2024-08-23T13:54:56","date_gmt":"2024-08-23T13:54:56","guid":{"rendered":"https:\/\/ilab.eba.ufmg.br\/?page_id=1367"},"modified":"2024-11-26T14:36:44","modified_gmt":"2024-11-26T14:36:44","slug":"tutorial-uso-da-coluna-para-fotografia-ilab","status":"publish","type":"page","link":"https:\/\/ilab.eba.ufmg.br\/?page_id=1367","title":{"rendered":"Uso do Reprovit para Fotografia &#8211; iLab"},"content":{"rendered":"<div class=\"wp-block-image\">\n<figure class=\"aligncenter size-full is-resized\"><img loading=\"lazy\" decoding=\"async\" width=\"397\" height=\"297\" src=\"https:\/\/ilab.eba.ufmg.br\/wp-content\/uploads\/2024\/08\/coluna-de-fotografia.jpg\" alt=\"\" class=\"wp-image-1370\" style=\"width:435px;height:auto\"\/><\/figure>\n<\/div>\n\n\n<p><\/p>\n\n\n\n<p>Elaborado por: Kethlin Barroso (bolsista de IC)<\/p>\n\n\n\n<p>Segue abaixo o link para download do &#8220;Manual de Uso do Reprovit &#8211; iLab&#8221;.<\/p>\n\n\n\n<p><\/p>\n\n\n\n<p>Este equipamento est\u00e1 instalado para atender as mais diversas demandas de fotografia com Luz Vis\u00edvel, alta qualidade de imagem, alta qualidade crom\u00e1tica e com boa distribui\u00e7\u00e3o da ilumina\u00e7\u00e3o.<\/p>\n\n\n\n<p>O tamanho m\u00e1ximo permitido \u00e9 55x33cm.<\/p>\n\n\n\n<p><\/p>\n\n\n\n<p>Para acesso, ser\u00e1 necess\u00e1rio solicitar o login para uso do computador que fica ligado \u00e0 c\u00e2mera digital profissional Nikon D7500. <\/p>\n\n\n\n<p><\/p>\n\n\n\n<p>Link (vers\u00e3o Setembro de 2024): <a href=\"https:\/\/ilab.eba.ufmg.br\/wp-content\/uploads\/2024\/09\/Manual-de-uso-do-Reprovit-iLab-1_compressed.pdf\">clique aqui<\/a><\/p>\n\n\n\n<hr class=\"wp-block-separator has-alpha-channel-opacity\"\/>\n\n\n\n<figure class=\"wp-block-embed is-type-video is-provider-youtube wp-block-embed-youtube wp-embed-aspect-16-9 wp-has-aspect-ratio\"><div class=\"wp-block-embed__wrapper\">\n<iframe loading=\"lazy\" title=\"Reprovit - iLab - UFMG\" width=\"625\" height=\"352\" src=\"https:\/\/www.youtube.com\/embed\/csGojAwKFDo?feature=oembed\" frameborder=\"0\" allow=\"accelerometer; autoplay; clipboard-write; encrypted-media; gyroscope; picture-in-picture; web-share\" referrerpolicy=\"strict-origin-when-cross-origin\" allowfullscreen><\/iframe>\n<\/div><\/figure>\n\n\n\n<p><\/p>\n","protected":false},"excerpt":{"rendered":"<p>Elaborado por: Kethlin Barroso (bolsista de IC) Segue abaixo o link para download do &#8220;Manual de Uso do Reprovit &#8211; iLab&#8221;. Este equipamento est\u00e1 instalado para atender as mais diversas demandas de fotografia com Luz Vis\u00edvel, alta qualidade de imagem, alta qualidade crom\u00e1tica e com boa distribui\u00e7\u00e3o da ilumina\u00e7\u00e3o. O tamanho m\u00e1ximo permitido \u00e9 55x33cm. [&hellip;]<\/p>\n","protected":false},"author":1,"featured_media":0,"parent":0,"menu_order":0,"comment_status":"closed","ping_status":"closed","template":"","meta":{"footnotes":""},"class_list":["post-1367","page","type-page","status-publish","hentry"],"_links":{"self":[{"href":"https:\/\/ilab.eba.ufmg.br\/index.php?rest_route=\/wp\/v2\/pages\/1367","targetHints":{"allow":["GET"]}}],"collection":[{"href":"https:\/\/ilab.eba.ufmg.br\/index.php?rest_route=\/wp\/v2\/pages"}],"about":[{"href":"https:\/\/ilab.eba.ufmg.br\/index.php?rest_route=\/wp\/v2\/types\/page"}],"author":[{"embeddable":true,"href":"https:\/\/ilab.eba.ufmg.br\/index.php?rest_route=\/wp\/v2\/users\/1"}],"replies":[{"embeddable":true,"href":"https:\/\/ilab.eba.ufmg.br\/index.php?rest_route=%2Fwp%2Fv2%2Fcomments&post=1367"}],"version-history":[{"count":8,"href":"https:\/\/ilab.eba.ufmg.br\/index.php?rest_route=\/wp\/v2\/pages\/1367\/revisions"}],"predecessor-version":[{"id":1444,"href":"https:\/\/ilab.eba.ufmg.br\/index.php?rest_route=\/wp\/v2\/pages\/1367\/revisions\/1444"}],"wp:attachment":[{"href":"https:\/\/ilab.eba.ufmg.br\/index.php?rest_route=%2Fwp%2Fv2%2Fmedia&parent=1367"}],"curies":[{"name":"wp","href":"https:\/\/api.w.org\/{rel}","templated":true}]}}