{"id":1342,"date":"2024-07-29T14:48:21","date_gmt":"2024-07-29T14:48:21","guid":{"rendered":"https:\/\/ilab.eba.ufmg.br\/?page_id=1342"},"modified":"2025-10-20T20:20:47","modified_gmt":"2025-10-20T20:20:47","slug":"tutoriais","status":"publish","type":"page","link":"https:\/\/ilab.eba.ufmg.br\/?page_id=1342","title":{"rendered":"Tutoriais  (clique na imagem)"},"content":{"rendered":"\n<hr class=\"wp-block-separator has-alpha-channel-opacity\"\/>\n\n\n\n<div class=\"wp-block-group is-layout-grid wp-container-core-group-is-layout-9649a0d9 wp-block-group-is-layout-grid\">\n<p><strong>Cria\u00e7\u00e3o de &#8220;Mapa de Danos&#8221; utilizando a imagem de Luz Reversa<\/strong> (vers\u00e3o: dez \/ 2023)<\/p>\n\n\n\n<figure class=\"wp-block-image size-full wp-container-content-5f80b302\"><a href=\"https:\/\/ilab.eba.ufmg.br\/?page_id=1215\"><img loading=\"lazy\" decoding=\"async\" width=\"1410\" height=\"682\" src=\"https:\/\/ilab.eba.ufmg.br\/wp-content\/uploads\/2023\/12\/image-2.png\" alt=\"\" class=\"wp-image-1255\"\/><\/a><\/figure>\n<\/div>\n\n\n\n<hr class=\"wp-block-separator has-alpha-channel-opacity\"\/>\n\n\n\n<div class=\"wp-block-group is-layout-grid wp-container-core-group-is-layout-9649a0d9 wp-block-group-is-layout-grid\">\n<p><strong>Apostila de Detec\u00e7\u00e3o de Bordas<\/strong><\/p>\n\n\n\n<figure class=\"wp-block-image size-full wp-container-content-5f80b302\"><a href=\"https:\/\/ilab.eba.ufmg.br\/?page_id=88\"><img loading=\"lazy\" decoding=\"async\" width=\"666\" height=\"248\" src=\"https:\/\/ilab.eba.ufmg.br\/wp-content\/uploads\/2024\/09\/Deteccao-de-Bordas-2017.png\" alt=\"\" class=\"wp-image-1414\"\/><\/a><\/figure>\n<\/div>\n\n\n\n<hr class=\"wp-block-separator has-alpha-channel-opacity\"\/>\n\n\n\n<div class=\"wp-block-group is-layout-grid wp-container-core-group-is-layout-9649a0d9 wp-block-group-is-layout-grid\">\n<p><strong>Manual Stil \u2013 Espectrofot\u00f4metro \/ Color\u00edmetro de bancada sem contato com o material<\/strong><\/p>\n\n\n\n<figure class=\"wp-block-image size-full wp-container-content-5f80b302\"><a href=\"https:\/\/ilab.eba.ufmg.br\/?page_id=1361\"><img loading=\"lazy\" decoding=\"async\" width=\"592\" height=\"361\" src=\"https:\/\/ilab.eba.ufmg.br\/wp-content\/uploads\/2024\/09\/Tutorial-Stil-Espectrofotometro.jpg\" alt=\"\" class=\"wp-image-1417\"\/><\/a><\/figure>\n<\/div>\n\n\n\n<hr class=\"wp-block-separator has-alpha-channel-opacity\"\/>\n\n\n\n<div class=\"wp-block-group is-layout-grid wp-container-core-group-is-layout-9649a0d9 wp-block-group-is-layout-grid\">\n<p><strong>Uso do Reprovit para Fotografia de Luz Vis\u00edvel<\/strong> <strong>no iLab<\/strong>. Uso a ser feito pelo solicitante mediante agendamento.<\/p>\n\n\n\n<figure class=\"wp-block-image size-full wp-container-content-5f80b302\"><a href=\"https:\/\/ilab.eba.ufmg.br\/?page_id=1367\"><img loading=\"lazy\" decoding=\"async\" width=\"397\" height=\"297\" src=\"https:\/\/ilab.eba.ufmg.br\/wp-content\/uploads\/2024\/08\/coluna-de-fotografia.jpg\" alt=\"\" class=\"wp-image-1370\"\/><\/a><\/figure>\n<\/div>\n\n\n\n<hr class=\"wp-block-separator has-alpha-channel-opacity\"\/>\n\n\n\n<div class=\"wp-block-group is-layout-grid wp-container-core-group-is-layout-9649a0d9 wp-block-group-is-layout-grid\">\n<p><strong>Tutorial para processamento de imagens utilizando o GIMP e RAWTHERAPEE (softwares livres)<\/strong><\/p>\n\n\n\n<p class=\"wp-container-content-5f80b302\"><a href=\"https:\/\/ilab.eba.ufmg.br\/wp-content\/uploads\/2024\/11\/Processamento-de-Imagens-Gimp_Fotografia-A-completa_versao-06-2023.pdf\">CLIQUE AQUI PARA FAZER O DOWNLOAD (BAIXAR EM PDF)<\/a><\/p>\n<\/div>\n\n\n\n<hr class=\"wp-block-separator has-alpha-channel-opacity\"\/>\n\n\n\n<div class=\"wp-block-group is-layout-grid wp-container-core-group-is-layout-9649a0d9 wp-block-group-is-layout-grid\">\n<div class=\"wp-block-group wp-container-content-69bc4bdf is-layout-grid wp-container-core-group-is-layout-9649a0d9 wp-block-group-is-layout-grid\">\n<p><strong>Tutorial para processamento de imagens utilizando o RAWTHERAPEE (Gerenciamento de Cores) com corte e corre\u00e7\u00e3o de perspectiva<\/strong><\/p>\n<\/div>\n\n\n\n<div class=\"wp-block-group wp-container-content-69bc4bdf is-layout-grid wp-container-core-group-is-layout-9649a0d9 wp-block-group-is-layout-grid\">\n<p class=\"wp-container-content-69bc4bdf\"><a href=\"https:\/\/ilab.eba.ufmg.br\/wp-content\/uploads\/2025\/10\/Processamento-de-Imagens-RawTherapee_Gerenc-de-Cores-versao-10-2025.pdf\" target=\"_blank\" rel=\"noreferrer noopener\">CLIQUE AQUI PARA FAZER O DOWNLOAD (BAIXAR EM PDF)<\/a><\/p>\n<\/div>\n\n\n\n<p><\/p>\n<\/div>\n\n\n\n<hr class=\"wp-block-separator has-alpha-channel-opacity\"\/>\n\n\n\n<p><a href=\"https:\/\/ilab.eba.ufmg.br\/wp-content\/uploads\/2023\/12\/HANDBRAKE_Tutorial_ReducaoVideo_DEZ-2023_Por-Anna.pdf\" target=\"_blank\" rel=\"noreferrer noopener\">Redu\u00e7\u00e3o de tamanho de v\u00eddeo pelo HandBrake &#8211; software livre  (vers\u00e3o: dez 2023)<\/a><\/p>\n","protected":false},"excerpt":{"rendered":"<p>Cria\u00e7\u00e3o de &#8220;Mapa de Danos&#8221; utilizando a imagem de Luz Reversa (vers\u00e3o: dez \/ 2023) Apostila de Detec\u00e7\u00e3o de Bordas Manual Stil \u2013 Espectrofot\u00f4metro \/ Color\u00edmetro de bancada sem contato com o material Uso do Reprovit para Fotografia de Luz Vis\u00edvel no iLab. Uso a ser feito pelo solicitante mediante agendamento. Tutorial para processamento de [&hellip;]<\/p>\n","protected":false},"author":1,"featured_media":0,"parent":0,"menu_order":0,"comment_status":"closed","ping_status":"closed","template":"","meta":{"footnotes":""},"class_list":["post-1342","page","type-page","status-publish","hentry"],"_links":{"self":[{"href":"https:\/\/ilab.eba.ufmg.br\/index.php?rest_route=\/wp\/v2\/pages\/1342","targetHints":{"allow":["GET"]}}],"collection":[{"href":"https:\/\/ilab.eba.ufmg.br\/index.php?rest_route=\/wp\/v2\/pages"}],"about":[{"href":"https:\/\/ilab.eba.ufmg.br\/index.php?rest_route=\/wp\/v2\/types\/page"}],"author":[{"embeddable":true,"href":"https:\/\/ilab.eba.ufmg.br\/index.php?rest_route=\/wp\/v2\/users\/1"}],"replies":[{"embeddable":true,"href":"https:\/\/ilab.eba.ufmg.br\/index.php?rest_route=%2Fwp%2Fv2%2Fcomments&post=1342"}],"version-history":[{"count":21,"href":"https:\/\/ilab.eba.ufmg.br\/index.php?rest_route=\/wp\/v2\/pages\/1342\/revisions"}],"predecessor-version":[{"id":1572,"href":"https:\/\/ilab.eba.ufmg.br\/index.php?rest_route=\/wp\/v2\/pages\/1342\/revisions\/1572"}],"wp:attachment":[{"href":"https:\/\/ilab.eba.ufmg.br\/index.php?rest_route=%2Fwp%2Fv2%2Fmedia&parent=1342"}],"curies":[{"name":"wp","href":"https:\/\/api.w.org\/{rel}","templated":true}]}}