{"id":1337,"date":"2024-07-29T14:43:32","date_gmt":"2024-07-29T14:43:32","guid":{"rendered":"https:\/\/ilab.eba.ufmg.br\/?page_id=1337"},"modified":"2025-10-07T19:36:20","modified_gmt":"2025-10-07T19:36:20","slug":"monografias-dissertacoes-teses","status":"publish","type":"page","link":"https:\/\/ilab.eba.ufmg.br\/?page_id=1337","title":{"rendered":"Monografias \/ Disserta\u00e7\u00f5es \/ Teses"},"content":{"rendered":"\n<h2 class=\"wp-block-heading\">2025<\/h2>\n\n\n\n<p><strong>1 &#8211; <\/strong>Monografia feita para<strong> Trabalho de Conclus\u00e3o de Curso para bacharelado em Conserva\u00e7\u00e3o e Restaura\u00e7\u00e3o de Bens Culturais M\u00f3veis<\/strong><br><br><strong>Monografia:<\/strong> PAISAGENS DE GUIGNARD: Desenhos analisados pro meio de Documenta\u00e7\u00e3o Cient\u00edfica por Imagem<\/p>\n\n\n\n<p><strong>Autores:<\/strong> Larissa Lorrane Silva Oliveira; Alexandre Cruz Le\u00e3o (Orientador)<br><br><strong>Resumo:<\/strong> O presente trabalho visa devolver digitalmente a visibilidade de dois desenhos de autoria de Guignard, datados de 1956 e 1958, sendo um feito com nanquim e bico de pena e o outro com o que acredita-se ser grafite, respectivamente, e que sofreram altera\u00e7\u00e3o em sua visibilidade, ambos apresentando esmaecimento dos desenhos. O trabalho se desenvolveu com pequena pesquisa historiogr\u00e1fica sobre o artista, com foco na hist\u00f3ria da arte t\u00e9cnica, observando os materiais utilizados pelo artista na produ\u00e7\u00e3o das obras estudadas. Foram utilizadas t\u00e9cnicas de fotografia cient\u00edfica, que recorrem \u00e0 radia\u00e7\u00f5es com diferentes comprimentos de onda do espectro eletromagn\u00e9tico, como Fluoresc\u00eancia de Ultravioleta, Luz Vis\u00edvel, Reflect\u00e2ncia no Infravermelho, Sistema de Imagem Multiespectral e t\u00e9cnicas distintas de fotografia para documenta\u00e7\u00e3o de obras de arte, como fotografias de luz reversa ou transmitida, de luz rasante ou tangencial, e RTI. Foi detalhado os processos realizados no registro das obras e posterior tratamento das imagens, com descri\u00e7\u00e3o de todos os materiais e equipamentos utilizados e como a metodologia foi executada. Por fim, os resultados ser\u00e3o disponibilizados \u00e0 institui\u00e7\u00e3o ao qual as obras pertencem, o que proporcionar\u00e1 ao p\u00fablico a visualiza\u00e7\u00e3o dos desenhos da obra, at\u00e9 ent\u00e3o ileg\u00edveis na sua plenitude, por meio das imagens.<\/p>\n\n\n\n<p><strong>Download:<\/strong> <a href=\"https:\/\/ilab.eba.ufmg.br\/wp-content\/uploads\/2025\/10\/TCC-Larissa-Oliveira-versaofinal_revisada_baixa_resol.pdf\" target=\"_blank\" rel=\"noreferrer noopener\">AQUI<\/a><\/p>\n\n\n\n<hr class=\"wp-block-separator has-alpha-channel-opacity\"\/>\n\n\n\n<h2 class=\"wp-block-heading\">2023<\/h2>\n\n\n\n<p><strong>1 &#8211; <\/strong>Monografia feita para<strong> Trabalho de Conclus\u00e3o de Curso para bacharelado em Conserva\u00e7\u00e3o e Restaura\u00e7\u00e3o de Bens Culturais M\u00f3veis<\/strong><br><br><strong>Monografia:<\/strong> IDENTIFICA\u00c7\u00c3O DE PIGMENTOS POR MEIO DA FOTOGRAFIA DE FLUORESC\u00caNCIA DE ULTRAVIOLETA: estudo de caso \u2013 manuscrito do s\u00e9culo XVIII<\/p>\n\n\n\n<p><strong>Autores:<\/strong> Raquel Mayra Ameno Ayres Silva; Alexandre Cruz Le\u00e3o (Orientador)<br><br><strong>Resumo:<\/strong> Este trabalho pretende tra\u00e7ar um m\u00e9todo comparativo de cores observadas sob ilumina\u00e7\u00e3o com fonte de luz vis\u00edvel e com fonte de luz ultravioleta utilizando o exame de Fotografia de Fluoresc\u00eancia de Ultravioleta como principal ferramenta. O objetivo \u00e9 criar uma tabela crom\u00e1tica que sirva de refer\u00eancia na \u00e1rea da Conserva\u00e7\u00e3o-Restaura\u00e7\u00e3o contendo valores de RGB lidos digitalmente por <em>softwares <\/em>de edi\u00e7\u00e3o de imagens. Para isso, foi elaborado um guia de materiais adequados para a realiza\u00e7\u00e3o dos registros fotogr\u00e1ficos, bem como um passo a passo de como realizar o processamento das imagens digitais, visando a obten\u00e7\u00e3o de resultados compat\u00edveis com os adquiridos nesta pesquisa para aplica\u00e7\u00f5es futuras por aqueles que desejarem utilizar a tabela crom\u00e1tica como fonte de refer\u00eancia.<\/p>\n\n\n\n<p><strong>Download:<\/strong> <a href=\"https:\/\/ilab.eba.ufmg.br\/wp-content\/uploads\/2023\/11\/TCC-Raquel-Identificacao-de-pigmento-pela-FUV-jul2023.pdf\">AQUI<\/a><\/p>\n\n\n\n<hr class=\"wp-block-separator has-alpha-channel-opacity\"\/>\n\n\n\n<h2 class=\"wp-block-heading\">2022<\/h2>\n\n\n\n<p><strong>1 &#8211;<\/strong> <strong>Disserta\u00e7\u00e3o apresentada ao programa de P\u00f3s-Gradua\u00e7\u00e3o em enfermagem da Universidade Federal de Minas Gerais<\/strong><br><br><strong>Disserta\u00e7\u00e3o: AN\u00c1LISE DOS PAR\u00c2METROS&nbsp; PARA&nbsp; O&nbsp; REGISTRO&nbsp; FOTOGR\u00c1FICO&nbsp; DE&nbsp; FERIDA&nbsp; COM A C\u00c2MERA&nbsp; DE&nbsp; TELEFONE&nbsp; CELULAR<\/strong><\/p>\n\n\n\n<p><strong>Autores:<\/strong> Perla Oliveira Soares de Souza; Alexandre Cruz Le\u00e3o (Coorientador); Eline Lima Borges (Orientadora)<br><br><strong>Resumo:<\/strong> A ferida cr\u00f4nica demanda cuidados para a cura, o que exige planejamento, organiza\u00e7\u00e3o, execu\u00e7\u00e3o e avalia\u00e7\u00e3o cont\u00ednua dos pacientes e sua ferida, para promover assist\u00eancia segura e de qualidade. Essa atividade pode ser apoiada pelo registro fotogr\u00e1fico para identificar altera\u00e7\u00f5es no leito e borda da ferida, al\u00e9m da pele ao redor. Entretanto, o registro das feridas realizado sem a aplica\u00e7\u00e3o das t\u00e9cnicas impede a gera\u00e7\u00e3o de imagens com qualidade documental e fornece dados pouco precisos sobre a condi\u00e7\u00e3o da ferida. <strong>Objetivo: <\/strong>Analisar os par\u00e2metros do registro fotogr\u00e1fico da ferida com c\u00e2mera de telefone celular. <strong>M\u00e9todo: <\/strong>Trata-se de estudo descritivo, realizado em seis etapas distintas, tendo a participa\u00e7\u00e3o de 10 enfermeiros na quinta etapa, escolhidos por conveni\u00eancia. A revis\u00e3o de escopo que permitiu estabelecer par\u00e2metros para o registro fotogr\u00e1fico. A segunda consistiu em testar os par\u00e2metros utilizando simuladores no ambiente pr\u00e9-cl\u00ednico. Na terceira etapa ocorreu o teste piloto em ambiente cl\u00ednico com um paciente que resultou em 12 fotografias para definir o equipamento e avalia\u00e7\u00e3o dos par\u00e2metros. Na quarta etapa foram testados os par\u00e2metros na pr\u00e1tica cl\u00ednica com tr\u00eas telefones celulares (<em>Samsung Galaxy A51, Samsung Note 10 Lite, Iphone 11<\/em>), tr\u00eas pacientes com diferentes cores de pele (parda, preta e branca) e geradas 90 fotografias de feridas submetidas \u00e0 valida\u00e7\u00e3o crom\u00e1tica pelo Delta E. Na quinta etapa os par\u00e2metros foram avaliados para consist\u00eancia da imagem fotogr\u00e1fica por meio do Delta E para valida\u00e7\u00e3o crom\u00e1tica, al\u00e9m da valida\u00e7\u00e3o visual das imagens pelos enfermeiros (ruim, regular, bom, \u00f3timo). Na sexta etapa foi constru\u00eddo um prot\u00f3tipo (infogr\u00e1fico) para o registro fotogr\u00e1fico de feridas para profissionais da sa\u00fade. <strong>Resultados: <\/strong>foram selecionadas oito publica\u00e7\u00f5es nas bases de dados pesquisadas, o que permitiu elencar 32 recomenda\u00e7\u00f5es, agrupadas em 10 par\u00e2metros: 1) termo de consentimento livre e esclarecido; 2) equipamentos; 3) posi\u00e7\u00e3o e preparo do paciente; 4) identifica\u00e7\u00e3o da ferida; 5) posicionamento da c\u00e2mera; 6) ilumina\u00e7\u00e3o; 7) fundo da imagem; 8) foco, profundidade de campo; 9) consist\u00eancia de cor; 10) armazenamento de imagens. A etapa pr\u00e9-cl\u00ednica permitiu excluir do estudo o uso de c\u00e2mera fotogr\u00e1fica e manter tr\u00eas tipos de celulares, o fundo branco e o azul para o registro fotogr\u00e1fico. Considerando o valor de Delta E, uma imagem com fundo branco teve 11,4 para pele parda, 8,2 para negra e 13,4 para branca. Nessa condi\u00e7\u00e3o, a menor m\u00e9dia foi para a cor preta, com celular Note 10. O Delta E m\u00e9dio das imagens dos tr\u00eas pacientes e tr\u00eas tipos de celular foi menor sem cart\u00e3o e obteve 10,6 para a cor marrom, 8,2 para a preta e 13,6 para a branca, com a menor m\u00e9dia para os celulares preto e nota 10; com ilumina\u00e7\u00e3o LED, obteve-se 10 para a cor marrom, 7,7 para a preta e 10,8 para a branca, com a menor m\u00e9dia para a cor marrom e celular Nota 10. Na valida\u00e7\u00e3o visual das imagens, os enfermeiros consideraram o posicionamento bom e \u00f3timo (\u00e2ngulo) do aparelho-c\u00e2mera perpendicular ao plano da ferida (100%); fundo branco (90%) e fundo azul (70%); ilumina\u00e7\u00e3o &#8211; sem ofuscamento especular (80%); cor da pele negra e telefone Iphone (90%); pele parda e fone Note 10 (70%) e Iphone (70%); cor de pele branca e telefone Iphone (90%).<strong> Conclus\u00e3o: <\/strong>Os resultados gerados podem contribuir para a melhoria da consist\u00eancia das imagens para documenta\u00e7\u00e3o de feridas por meio de registro fotogr\u00e1fico padronizado com telefone celular.<\/p>\n\n\n\n<p><strong>Download:<\/strong> <a href=\"https:\/\/ilab.eba.ufmg.br\/wp-content\/uploads\/2024\/03\/Dissertacao-Perla-Enfermagem-2022.pdf\" data-type=\"link\" data-id=\"https:\/\/ilab.eba.ufmg.br\/wp-content\/uploads\/2024\/03\/Dissertacao-Perla-Enfermagem-2022.pdf\">AQUI<\/a><\/p>\n\n\n\n<hr class=\"wp-block-separator has-alpha-channel-opacity\"\/>\n\n\n\n<h2 class=\"wp-block-heading\">2018<\/h2>\n\n\n\n<p><strong>1 &#8211; <\/strong>Monografia feita para<strong> Trabalho de Conclus\u00e3o de Curso para bacharelado em Conserva\u00e7\u00e3o e Restaura\u00e7\u00e3o de Bens Culturais M\u00f3veis<\/strong><br><br><strong>Monografia:<\/strong> DOCUMENTA\u00c7\u00c3O FOTOGR\u00c1FICA T\u00c9CNICA E CIENT\u00cdFICA DE PINTURAS RUPESTRES \u2013 A fotografia digital como ferramenta de estudos e preserva\u00e7\u00e3o em Arqueologia<\/p>\n\n\n\n<p><strong>Autores:<\/strong> Alexandre Oliveira Costa; Alexandre Cruz Le\u00e3o (Orientador); Luiz Ant\u00f4nio Cruz Souza (Coorientador)<br><br><strong>Resumo:<\/strong> O presente Trabalho de Conclus\u00e3o de Curso, doravante chamado TCC, tem por objetivo apresentar os estudos realizados e atividades desenvolvidas durante a documenta\u00e7\u00e3o fotogr\u00e1fica por meio de imagens t\u00e9cnicas e cient\u00edficas de pinturas rupestres pr\u00e9-hist\u00f3ricas, aqui entendidas como leg\u00edtimo Patrim\u00f4nio Cultural e mem\u00f3ria ancestral. Estando ainda pouco estudadas no \u00e2mbito local, no que tange \u00e0s recentes tecnologias cient\u00edficas de documenta\u00e7\u00e3o, torna-se relevante o presente trabalho com vistas \u00e0 sua salvaguarda e preserva\u00e7\u00e3o para o futuro. No desenvolvimento do projeto foram utilizadas t\u00e9cnicas j\u00e1 bastante abalizadas em Documenta\u00e7\u00e3o Cient\u00edfica por Imagem de Bens Culturais no iLAB (Laborat\u00f3rio de Documenta\u00e7\u00e3o Cient\u00edfica por Imagem \u2013 Escola de Belas Artes \u2013 Universidade Federal de Minas Gerais \u2013 iLAB\/EBA\/UFMG). Para tanto foram utilizadas t\u00e9cnicas de imageamento com apurado controle de cores al\u00e9m de procedimentos cient\u00edficos para gera\u00e7\u00e3o de imagens digitais, capazes de registros n\u00e3o percept\u00edveis sob luz vis\u00edvel (fluoresc\u00eancia de luz ultravioleta e radia\u00e7\u00e3o infravermelha refletida), com posterior an\u00e1lise das mesmas. O local escolhido foi o s\u00edtio arqueol\u00f3gico Lapa da Sucupira (Sucupira I, grande abrigo) localizada em Santana do Riacho Minas Geral. Considerando que \u00e9 um s\u00edtio de grande import\u00e2ncia no contexto arqueol\u00f3gico pr\u00e9-hist\u00f3rico de Minas e do Brasil, tais imagens visaram o registro o mais fidedigno poss\u00edvel das pinturas rupestres ali presentes, como forma de documenta\u00e7\u00e3o e tamb\u00e9m com vistas a futuro monitoramento do estado de conserva\u00e7\u00e3o das mesmas, campo de interesse interdisciplinar entre Arqueologia, Conserva\u00e7\u00e3o-Restaura\u00e7\u00e3o, Ci\u00eancias do Patrim\u00f4nio e outros afins.<\/p>\n\n\n\n<p><strong>Download:<\/strong> <a href=\"https:\/\/ilab.eba.ufmg.br\/wp-content\/uploads\/2023\/11\/TCC_2018_Alexandre-Oliveira-Costa_2012055766.pdf\">AQUI<\/a><\/p>\n\n\n\n<hr class=\"wp-block-separator has-alpha-channel-opacity\"\/>\n\n\n\n<h2 class=\"wp-block-heading\">2018<\/h2>\n\n\n\n<p><strong>1 &#8211; <\/strong>Monografia feita para<strong> Trabalho de Conclus\u00e3o de Curso para bacharelado em Conserva\u00e7\u00e3o e Restaura\u00e7\u00e3o de Bens Culturais M\u00f3veis<\/strong><br><br><strong>Monografia:<\/strong> Reflectance Transformation Imaging (RTI): tecnologia aplicada na Documenta\u00e7\u00e3o Cient\u00edfica por Imagem para an\u00e1lise de superf\u00edcies de objetos de arte<\/p>\n\n\n\n<p><strong>Autores:<\/strong> Adriano de Souza Bueno; Alexandre Cruz Le\u00e3o (Orientador); Maria Regina Emery Quites (Coorientador)<br><br><strong>Resumo:<\/strong> O presente trabalho de conclus\u00e3o de curso intitulado \u201cReflectance Transformation Imaging (RTI): tecnologia aplicada na Documenta\u00e7\u00e3o Cient\u00edfica por Imagem para an\u00e1lise de superf\u00edcies de objetos de arte\u201d, apresentado ao Curso de Conserva\u00e7\u00e3o-Restaura\u00e7\u00e3o de Bens Culturais M\u00f3veis da Escola de Belas Artes da Universidade Federal de Minas Gerais, aborda a apresenta\u00e7\u00e3o da tecnologia como m\u00e9todo complementar dentre as t\u00e9cnicas de Documenta\u00e7\u00e3o Cient\u00edfica por Imagem, na gera\u00e7\u00e3o de imagens diagn\u00f3sticas, produzidas pelo Laborat\u00f3rio de Documenta\u00e7\u00e3o Cient\u00edfica por Imagem (iLAB).<br>Este consiste em gerar arquivos de imagem digital que viabilizam a an\u00e1lise do bem cultural em fun\u00e7\u00e3o da sua superf\u00edcie, via mapeamento de textura e visualiza\u00e7\u00e3o em software.<br>Al\u00e9m da apresenta\u00e7\u00e3o das etapas da metodologia o trabalho ainda refere-se acerca da aplica\u00e7\u00e3o da t\u00e9cnica em estudos de caso de suportes diversos, tais como, papel, p\u00e9treo, metal e madeira. A t\u00e9cnica tem como objetivo gerar material que forne\u00e7a suporte cient\u00edfico para an\u00e1lise da superf\u00edcie dos objetos de arte, bem como a apresenta\u00e7\u00e3o dos resultados, via observa\u00e7\u00e3o dos arquivos gerados.<\/p>\n\n\n\n<p><strong>Download:<\/strong> <a href=\"https:\/\/ilab.eba.ufmg.br\/wp-content\/uploads\/2024\/01\/TCC_Adriano_Bueno_2018.pdf\">AQUI<\/a><\/p>\n\n\n\n<hr class=\"wp-block-separator has-alpha-channel-opacity\"\/>\n\n\n\n<h2 class=\"wp-block-heading\">2016<\/h2>\n\n\n\n<p><strong>1 &#8211; <\/strong>Monografia feita para<strong> Trabalho de Conclus\u00e3o de Curso para bacharelado em Conserva\u00e7\u00e3o e Restaura\u00e7\u00e3o de Bens Culturais M\u00f3veis<\/strong><br><br><strong>Monografia:<\/strong> Documenta\u00e7\u00e3o fotogr\u00e1fica de bens culturais utilizando luz vis\u00edvel: um guia b\u00e1sico<\/p>\n\n\n\n<p><strong>Autores:<\/strong> Danielle Luce Cardoso; Alexandre Cruz Le\u00e3o (Orientador)<br><br><strong>Resumo:<\/strong> Este trabalho prop\u00f5e a elabora\u00e7\u00e3o de um guia b\u00e1sico contendo o passo a passo das etapas para a realiza\u00e7\u00e3o de fotografias de bens culturais utilizando luz vis\u00edvel, bem como o processamento das imagens digitais a ser realizado com software espec\u00edfico. Este guia pretende ser de f\u00e1cil entendimento para os profissionais da conserva\u00e7\u00e3o e restaura\u00e7\u00e3o e \u00e1reas afins, de forma que compreendam os equipamentos a serem utilizados, levando em conta, principalmente, as fontes de luz que ir\u00e3o utilizar, as caracter\u00edsticas do objeto e o uso adequado da c\u00e2mera fotogr\u00e1fica digital.<\/p>\n\n\n\n<p><strong>Download:<\/strong> <a href=\"https:\/\/ilab.eba.ufmg.br\/wp-content\/uploads\/2025\/01\/Guia_Fotografia_Obra_Arte_Dani_Luce_09_Junho_2016.pdf\" target=\"_blank\" rel=\"noreferrer noopener\">AQUI<\/a><\/p>\n\n\n\n<hr class=\"wp-block-separator has-alpha-channel-opacity\"\/>\n\n\n\n<hr class=\"wp-block-separator has-alpha-channel-opacity\"\/>\n\n\n\n<h2 class=\"wp-block-heading\">2011<\/h2>\n\n\n\n<p><strong>1 &#8211;<\/strong> Tese de Doutorado &#8211; <strong>Restaura\u00e7\u00e3o Crom\u00e1tica Digital de Fotografias em Filme a partir da cartela Kodak Q-13 &#8211; Estudo de caso do acervo do Projeto Portinari<\/strong><\/p>\n\n\n\n<p><strong>Autor:<\/strong> Alexandre Cruz Le\u00e3o; Arnaldo de Albuquerque Ara\u00fajo (Orientador); Luiz Ant\u00f4nio Cruz Souza (Coorientador).<br><strong>Resumo:<\/strong> A documenta\u00e7\u00e3o fotogr\u00e1fica de bens culturais tem sido utilizada desde o seu surgimento no in\u00edcio do s\u00e9culo XIX, atrav\u00e9s de processos de base qu\u00edmica, sendo inicialmente monocrom\u00e1tica e colorida a partir do in\u00edcio do s\u00e9culo XX, chegando atualmente aos processos de base eletr\u00f4nica. Com o prop\u00f3sito de se obter na fotografia o m\u00e1ximo de informa\u00e7\u00f5es crom\u00e1ticas e tonais semelhantes ao objeto original, tem sido adotado o uso de cartelas de refer\u00eancia junto \u00e0 cena\/objeto, cuja fun\u00e7\u00e3o \u00e9 permitir ajustes ap\u00f3s o registro fotogr\u00e1fico. Essas cartelas podem colaborar inclusive na identifica\u00e7\u00e3o do esmaecimento, ou seja, perda crom\u00e1tica \u00e0 qual as fotografias de base qu\u00edmica est\u00e3o sujeitas. Na documenta\u00e7\u00e3o fotogr\u00e1fica realizada pelo Projeto Portinari das obras do artista Portinari, objeto de estudo dessa pesquisa, realizada nas d\u00e9cadas de 1970 e 1980, foram utilizadas as cartelas de refer\u00eancia crom\u00e1tica Kodak Q-13, colorida e em tons de cinza, produzidas pela Kodak ou por outra empresa autorizada. Essas cartelas foram, a princ\u00edpio, desenvolvidas para avalia\u00e7\u00e3o e corre\u00e7\u00e3o crom\u00e1tica para fotografias de base qu\u00edmica e n\u00e3o para processamento digital. Nessa pesquisa, o principal objetivo \u00e9 desenvolvimento de metodologia capaz de restaurar as cores e tons da fotografia atrav\u00e9s de processamento digital de imagem, cuja refer\u00eancia crom\u00e1tica seja as cartelas Kodak Q-13. Para isso, foi realizado o estudo colorim\u00e9trico de tr\u00eas diferentes anos de fabrica\u00e7\u00e3o das cartelas coloridas e em tons de cinza, bem como foram utilizados dois diferentes equipamentos de colorimetria, a fim de certificar os valores crom\u00e1ticos gerados. Os resultados colorim\u00e9tricos indicaram melhor consist\u00eancia para a cartela em tons de cinza em rela\u00e7\u00e3o \u00e0 colorida. Os resultados obtidos a partir dos experimentos realizados e das metodologias desenvolvidas indicam que \u00e9 poss\u00edvel realizar a restaura\u00e7\u00e3o crom\u00e1tica das imagens fotogr\u00e1ficas, cujas cartelas de refer\u00eancia sejam a Kodak Q-13. Por fim, restaurar e\/ou conservar acervos fotogr\u00e1ficos pode colaborar com o patrim\u00f4nio cultural, sendo essa colabora\u00e7\u00e3o de diversas formas: como fonte hist\u00f3rica, como refer\u00eancia para restauradores, identifica\u00e7\u00e3o de autenticidade, outras.<\/p>\n\n\n\n<p><strong>Download:<\/strong> <a href=\"https:\/\/ilab.eba.ufmg.br\/wp-content\/uploads\/2024\/03\/Tese_A_Leao_2011_Restauracao_Cromatica_Digital_Fotografia_Filmes.pdf\" data-type=\"link\" data-id=\"https:\/\/ilab.eba.ufmg.br\/wp-content\/uploads\/2024\/03\/Tese_A_Leao_2011_Restauracao_Cromatica_Digital_Fotografia_Filmes.pdf\">AQUI<\/a><\/p>\n\n\n\n<hr class=\"wp-block-separator has-alpha-channel-opacity\"\/>\n\n\n\n<h2 class=\"wp-block-heading\">2005<\/h2>\n\n\n\n<p><strong>1 &#8211;<\/strong> Disserta\u00e7\u00e3o de Mestrado &#8211; <strong>GERENCIAMENTO DE CORES PARA IMAGENS DIGITAIS<\/strong><\/p>\n\n\n\n<p><strong>Autor:<\/strong> Alexandre Cruz Le\u00e3o; Arnaldo de Albuquerque Ara\u00fajo (Orientador); Luiz Ant\u00f4nio Cruz Souza (Coorientador).<br><strong>Resumo:<\/strong> Este trabalho tem como objetivo principal o controle da cor nas imagens digitais, ao longo do processo que vai da digitaliza\u00e7\u00e3o \u00e0 impress\u00e3o, passando pela visualiza\u00e7\u00e3o. Com o crescimento do uso de computadores, principalmente a partir da d\u00e9cada de 1990, percebe-se uma migra\u00e7\u00e3o das aplica\u00e7\u00f5es anal\u00f3gicas para as digitais, iniciando-se de maneira ampla na escrita atrav\u00e9s dos editores de texto em detrimento da m\u00e1quina de escrever manual. Utilizando imagens digitais no lugar das anal\u00f3gicas, as possibilidades de interc\u00e2mbio aumentam, principalmente utilizando-se a rede mundial de computadores (Internet). A duplica\u00e7\u00e3o da imagem eletr\u00f4nica \u00e9 exata e, se impressa, tamb\u00e9m poder\u00e1 ser, dependendo dos procedimentos adotados. A manuten\u00e7\u00e3o das cores passa a depender do formato do arquivo digital e das configura\u00e7\u00f5es selecionadas. As pesquisas realizadas, neste trabalho, abordam do princ\u00edpio de forma\u00e7\u00e3o da luz at\u00e9 a implementa\u00e7\u00e3o pr\u00e1tica do gerenciamento de cores, passando pela an\u00e1lise conceitual da cor, fontes de luz, temperatura de cor, sistema visual humano, modelos de cores, tipos de dispositivos para se medir a cor, gera\u00e7\u00e3o de perfis, adequa\u00e7\u00e3o das condi\u00e7\u00f5es para digitaliza\u00e7\u00e3o, configura\u00e7\u00e3o das cores no Photoshop (programa para se trabalhar com imagens digitais), limita\u00e7\u00f5es te\u00f3ricas e pr\u00e1ticas do uso da cor, dentre outros. Para se implementar o gerenciamento de cores, foram necess\u00e1rios equipamentos para medi-las, cartelas de refer\u00eancia para calibra\u00e7\u00e3o e caracteriza\u00e7\u00e3o dos dispositivos, computador, impressora, equipamentos de digitaliza\u00e7\u00e3o e outros materiais. Na implementa\u00e7\u00e3o do sistema, de maneira experimental, foi utilizada uma aquarela, e os resultados obtidos foram considerados satisfat\u00f3rios, comprovando a possibilidade de digitaliza\u00e7\u00e3o, documenta\u00e7\u00e3o e impress\u00e3o, com consist\u00eancia das cores durante todo o processo.<\/p>\n\n\n\n<p><strong>Download:<\/strong> <a href=\"https:\/\/ilab.eba.ufmg.br\/wp-content\/uploads\/2023\/08\/Dissertacao_AlexandreLeao_Gerenciamento_de_Cores_2005.pdf\">AQUI<\/a><\/p>\n\n\n\n<p><\/p>\n\n\n\n<p>&nbsp;<\/p>\n","protected":false},"excerpt":{"rendered":"<p>2025 1 &#8211; Monografia feita para Trabalho de Conclus\u00e3o de Curso para bacharelado em Conserva\u00e7\u00e3o e Restaura\u00e7\u00e3o de Bens Culturais M\u00f3veis Monografia: PAISAGENS DE GUIGNARD: Desenhos analisados pro meio de Documenta\u00e7\u00e3o Cient\u00edfica por Imagem Autores: Larissa Lorrane Silva Oliveira; Alexandre Cruz Le\u00e3o (Orientador) Resumo: O presente trabalho visa devolver digitalmente a visibilidade de dois desenhos [&hellip;]<\/p>\n","protected":false},"author":1,"featured_media":0,"parent":0,"menu_order":0,"comment_status":"closed","ping_status":"closed","template":"","meta":{"footnotes":""},"class_list":["post-1337","page","type-page","status-publish","hentry"],"_links":{"self":[{"href":"https:\/\/ilab.eba.ufmg.br\/index.php?rest_route=\/wp\/v2\/pages\/1337","targetHints":{"allow":["GET"]}}],"collection":[{"href":"https:\/\/ilab.eba.ufmg.br\/index.php?rest_route=\/wp\/v2\/pages"}],"about":[{"href":"https:\/\/ilab.eba.ufmg.br\/index.php?rest_route=\/wp\/v2\/types\/page"}],"author":[{"embeddable":true,"href":"https:\/\/ilab.eba.ufmg.br\/index.php?rest_route=\/wp\/v2\/users\/1"}],"replies":[{"embeddable":true,"href":"https:\/\/ilab.eba.ufmg.br\/index.php?rest_route=%2Fwp%2Fv2%2Fcomments&post=1337"}],"version-history":[{"count":8,"href":"https:\/\/ilab.eba.ufmg.br\/index.php?rest_route=\/wp\/v2\/pages\/1337\/revisions"}],"predecessor-version":[{"id":1565,"href":"https:\/\/ilab.eba.ufmg.br\/index.php?rest_route=\/wp\/v2\/pages\/1337\/revisions\/1565"}],"wp:attachment":[{"href":"https:\/\/ilab.eba.ufmg.br\/index.php?rest_route=%2Fwp%2Fv2%2Fmedia&parent=1337"}],"curies":[{"name":"wp","href":"https:\/\/api.w.org\/{rel}","templated":true}]}}